{"id":30,"date":"2024-07-08T16:56:10","date_gmt":"2024-07-08T14:56:10","guid":{"rendered":"https:\/\/corsi-fit.com\/?page_id=30"},"modified":"2024-09-05T11:55:25","modified_gmt":"2024-09-05T09:55:25","slug":"contact","status":"publish","type":"page","link":"https:\/\/corsi-fit.com\/en\/contact\/","title":{"rendered":"Contact"},"content":{"rendered":"<div class=\"wp-block-cover alignfull has-custom-content-position is-position-bottom-center\" style=\"margin-top:0;margin-bottom:0;padding-top:150px;padding-bottom:100px;min-height:370px;aspect-ratio:unset;\"><span aria-hidden=\"true\" class=\"wp-block-cover__background has-black-background-color has-background-dim\"><\/span><img data-recalc-dims=\"1\" loading=\"lazy\" decoding=\"async\" width=\"4032\" height=\"3024\" data-attachment-id=\"1543\" data-permalink=\"https:\/\/corsi-fit.com\/en\/nous-decouvrir\/img_0890\/\" data-orig-file=\"https:\/\/i0.wp.com\/corsi-fit.com\/wp-content\/uploads\/2024\/08\/IMG_0890.jpg?fit=4032%2C3024&amp;ssl=1\" data-orig-size=\"4032,3024\" data-comments-opened=\"1\" data-image-meta=\"{&quot;aperture&quot;:&quot;0&quot;,&quot;credit&quot;:&quot;&quot;,&quot;camera&quot;:&quot;&quot;,&quot;caption&quot;:&quot;&quot;,&quot;created_timestamp&quot;:&quot;0&quot;,&quot;copyright&quot;:&quot;&quot;,&quot;focal_length&quot;:&quot;0&quot;,&quot;iso&quot;:&quot;0&quot;,&quot;shutter_speed&quot;:&quot;0&quot;,&quot;title&quot;:&quot;&quot;,&quot;orientation&quot;:&quot;0&quot;}\" data-image-title=\"banniere-vehicules-corsi-fit\" data-image-description=\"&lt;p&gt;banni\u00e8re repr\u00e9sentant des v\u00e9hicules de transport Corsi-Fit stationn\u00e9s aux quais d&amp;rsquo;un b\u00e2timent de logistique au si\u00e8ge social \u00e0 Saint-Dizier avec un ciel bleu &lt;\/p&gt;\" data-image-caption=\"&lt;p&gt;banni\u00e8re repr\u00e9sentant des v\u00e9hicules de transport Corsi-Fit stationn\u00e9s aux quais d&amp;rsquo;un b\u00e2timent de logistique au si\u00e8ge social \u00e0 Saint-Dizier avec un ciel bleu &lt;\/p&gt;\" data-large-file=\"https:\/\/i0.wp.com\/corsi-fit.com\/wp-content\/uploads\/2024\/08\/IMG_0890.jpg?fit=1024%2C768&amp;ssl=1\" class=\"wp-block-cover__image-background wp-image-1543\" alt=\"banni\u00e8re repr\u00e9sentant des v\u00e9hicules de transport Corsi-Fit stationn\u00e9s aux quais d'un b\u00e2timent de logistique au si\u00e8ge social \u00e0 Saint-Dizier avec un ciel bleu\" src=\"https:\/\/i0.wp.com\/corsi-fit.com\/wp-content\/uploads\/2024\/08\/IMG_0890.jpg?resize=4032%2C3024&#038;ssl=1\" style=\"object-position:50% 41%\" data-object-fit=\"cover\" data-object-position=\"50% 41%\" srcset=\"https:\/\/i0.wp.com\/corsi-fit.com\/wp-content\/uploads\/2024\/08\/IMG_0890.jpg?w=4032&amp;ssl=1 4032w, https:\/\/i0.wp.com\/corsi-fit.com\/wp-content\/uploads\/2024\/08\/IMG_0890.jpg?resize=300%2C225&amp;ssl=1 300w, https:\/\/i0.wp.com\/corsi-fit.com\/wp-content\/uploads\/2024\/08\/IMG_0890.jpg?resize=1024%2C768&amp;ssl=1 1024w, https:\/\/i0.wp.com\/corsi-fit.com\/wp-content\/uploads\/2024\/08\/IMG_0890.jpg?resize=768%2C576&amp;ssl=1 768w, https:\/\/i0.wp.com\/corsi-fit.com\/wp-content\/uploads\/2024\/08\/IMG_0890.jpg?resize=1536%2C1152&amp;ssl=1 1536w, https:\/\/i0.wp.com\/corsi-fit.com\/wp-content\/uploads\/2024\/08\/IMG_0890.jpg?resize=2048%2C1536&amp;ssl=1 2048w, https:\/\/i0.wp.com\/corsi-fit.com\/wp-content\/uploads\/2024\/08\/IMG_0890.jpg?resize=16%2C12&amp;ssl=1 16w, https:\/\/i0.wp.com\/corsi-fit.com\/wp-content\/uploads\/2024\/08\/IMG_0890.jpg?w=3000&amp;ssl=1 3000w\" sizes=\"auto, (max-width: 1000px) 100vw, 1000px\" \/><div class=\"wp-block-cover__inner-container has-global-padding is-layout-constrained wp-container-core-cover-is-layout-30826e33 wp-block-cover-is-layout-constrained\">\n<h1 class=\"wp-block-heading has-text-color has-alfarn-font-family\" style=\"color:#ffffff;font-size:clamp(33.419px, 2.089rem + ((1vw - 3.2px) * 3.021), 60px);font-style:normal;font-weight:700;line-height:1\">On the road with you since 1977<\/h1>\n<\/div><\/div>\n\n\n\n<div class=\"wp-block-group alignwide has-global-padding is-layout-constrained wp-container-core-group-is-layout-9028659c wp-block-group-is-layout-constrained\" style=\"margin-top:0rem;margin-bottom:0px;padding-top:6rem;padding-right:20px;padding-bottom:6rem;padding-left:20px\">\n<div class=\"wp-block-columns is-layout-flex wp-container-core-columns-is-layout-35c79ee5 wp-block-columns-is-layout-flex\" style=\"margin-top:var(--wp--preset--spacing--50);margin-bottom:var(--wp--preset--spacing--50)\">\n<div class=\"wp-block-column is-layout-flow wp-block-column-is-layout-flow\" style=\"padding-right:150px\">\n<h2 class=\"wp-block-heading has-text-color has-alfarn-font-family\" style=\"color:#1e293b;padding-bottom:12px;font-size:clamp(24.034px, 1.502rem + ((1vw - 3.2px) * 1.814), 40px);font-style:normal;font-weight:700;text-transform:uppercase\">Information<\/h2>\n\n\n\n<div class=\"wp-block-group is-nowrap is-layout-flex wp-container-core-group-is-layout-6cca4325 wp-block-group-is-layout-flex\" style=\"margin-top:30px;margin-bottom:var(--wp--preset--spacing--30)\">\n<figure class=\"wp-block-image size-full is-resized has-custom-border is-style-default wp-duotone-unset-1\"><img data-recalc-dims=\"1\" loading=\"lazy\" decoding=\"async\" width=\"1080\" height=\"1080\" data-attachment-id=\"593\" data-permalink=\"https:\/\/corsi-fit.com\/en\/contact\/telephone\/\" data-orig-file=\"https:\/\/i0.wp.com\/corsi-fit.com\/wp-content\/uploads\/2024\/07\/telephone.png?fit=1080%2C1080&amp;ssl=1\" data-orig-size=\"1080,1080\" data-comments-opened=\"1\" data-image-meta=\"{&quot;aperture&quot;:&quot;0&quot;,&quot;credit&quot;:&quot;&quot;,&quot;camera&quot;:&quot;&quot;,&quot;caption&quot;:&quot;&quot;,&quot;created_timestamp&quot;:&quot;0&quot;,&quot;copyright&quot;:&quot;&quot;,&quot;focal_length&quot;:&quot;0&quot;,&quot;iso&quot;:&quot;0&quot;,&quot;shutter_speed&quot;:&quot;0&quot;,&quot;title&quot;:&quot;&quot;,&quot;orientation&quot;:&quot;0&quot;}\" data-image-title=\"telephone\" data-image-description=\"\" data-image-caption=\"\" data-large-file=\"https:\/\/i0.wp.com\/corsi-fit.com\/wp-content\/uploads\/2024\/07\/telephone.png?fit=1024%2C1024&amp;ssl=1\" src=\"https:\/\/i0.wp.com\/corsi-fit.com\/wp-content\/uploads\/2024\/07\/telephone.png?resize=1080%2C1080&#038;ssl=1\" alt=\"icone de t\u00e9l\u00e9phone pour contacter le standard t\u00e9l\u00e9phonique Corsi-Fit\" class=\"wp-image-593\" style=\"border-style:none;border-width:0px;border-radius:100px;aspect-ratio:1;object-fit:cover;width:39px\" srcset=\"https:\/\/i0.wp.com\/corsi-fit.com\/wp-content\/uploads\/2024\/07\/telephone.png?w=1080&amp;ssl=1 1080w, https:\/\/i0.wp.com\/corsi-fit.com\/wp-content\/uploads\/2024\/07\/telephone.png?resize=300%2C300&amp;ssl=1 300w, https:\/\/i0.wp.com\/corsi-fit.com\/wp-content\/uploads\/2024\/07\/telephone.png?resize=1024%2C1024&amp;ssl=1 1024w, https:\/\/i0.wp.com\/corsi-fit.com\/wp-content\/uploads\/2024\/07\/telephone.png?resize=150%2C150&amp;ssl=1 150w, https:\/\/i0.wp.com\/corsi-fit.com\/wp-content\/uploads\/2024\/07\/telephone.png?resize=768%2C768&amp;ssl=1 768w, https:\/\/i0.wp.com\/corsi-fit.com\/wp-content\/uploads\/2024\/07\/telephone.png?resize=800%2C800&amp;ssl=1 800w, https:\/\/i0.wp.com\/corsi-fit.com\/wp-content\/uploads\/2024\/07\/telephone.png?resize=600%2C600&amp;ssl=1 600w, https:\/\/i0.wp.com\/corsi-fit.com\/wp-content\/uploads\/2024\/07\/telephone.png?resize=400%2C400&amp;ssl=1 400w, https:\/\/i0.wp.com\/corsi-fit.com\/wp-content\/uploads\/2024\/07\/telephone.png?resize=200%2C200&amp;ssl=1 200w\" sizes=\"auto, (max-width: 1000px) 100vw, 1000px\" \/><\/figure>\n\n\n\n<div class=\"wp-block-group is-vertical is-layout-flex wp-container-core-group-is-layout-a1ada453 wp-block-group-is-layout-flex\">\n<h5 class=\"wp-block-heading has-text-color has-link-color has-montserrat-font-family wp-elements-6e11b196092ed1f3bc5783895bea158a\" style=\"color:#1e293b;font-size:clamp(14px, 0.875rem + ((1vw - 3.2px) * 0.682), 20px);font-style:normal;font-weight:500\"><strong>phone<\/strong><\/h5>\n\n\n\n<p class=\"has-text-color has-link-color has-montserrat-font-family wp-elements-e22287140be6fb49f13f87bdb1bbed0c wp-block-paragraph\" style=\"color:#334155;font-size:clamp(14px, 0.875rem + ((1vw - 3.2px) * 0.227), 16px);\">03 25 06 07 93<\/p>\n<\/div>\n<\/div>\n\n\n\n<div class=\"wp-block-group is-nowrap is-layout-flex wp-container-core-group-is-layout-d5013844 wp-block-group-is-layout-flex\" style=\"margin-bottom:var(--wp--preset--spacing--30)\">\n<figure class=\"wp-block-image size-full is-resized has-custom-border is-style-default\"><img data-recalc-dims=\"1\" loading=\"lazy\" decoding=\"async\" width=\"1080\" height=\"1080\" data-attachment-id=\"591\" data-permalink=\"https:\/\/corsi-fit.com\/en\/contact\/localisation\/\" data-orig-file=\"https:\/\/i0.wp.com\/corsi-fit.com\/wp-content\/uploads\/2024\/07\/localisation.png?fit=1080%2C1080&amp;ssl=1\" data-orig-size=\"1080,1080\" data-comments-opened=\"1\" data-image-meta=\"{&quot;aperture&quot;:&quot;0&quot;,&quot;credit&quot;:&quot;&quot;,&quot;camera&quot;:&quot;&quot;,&quot;caption&quot;:&quot;&quot;,&quot;created_timestamp&quot;:&quot;0&quot;,&quot;copyright&quot;:&quot;&quot;,&quot;focal_length&quot;:&quot;0&quot;,&quot;iso&quot;:&quot;0&quot;,&quot;shutter_speed&quot;:&quot;0&quot;,&quot;title&quot;:&quot;&quot;,&quot;orientation&quot;:&quot;0&quot;}\" data-image-title=\"localisation\" data-image-description=\"\" data-image-caption=\"\" data-large-file=\"https:\/\/i0.wp.com\/corsi-fit.com\/wp-content\/uploads\/2024\/07\/localisation.png?fit=1024%2C1024&amp;ssl=1\" src=\"https:\/\/i0.wp.com\/corsi-fit.com\/wp-content\/uploads\/2024\/07\/localisation.png?resize=1080%2C1080&#038;ssl=1\" alt=\"icone de localisation avec l'adresse de notre si\u00e8ge social Corsi-Fit permettant de nous contacter\" class=\"wp-image-591\" style=\"border-style:none;border-width:0px;border-radius:100px;object-fit:cover;width:53px;height:auto\" srcset=\"https:\/\/i0.wp.com\/corsi-fit.com\/wp-content\/uploads\/2024\/07\/localisation.png?w=1080&amp;ssl=1 1080w, https:\/\/i0.wp.com\/corsi-fit.com\/wp-content\/uploads\/2024\/07\/localisation.png?resize=300%2C300&amp;ssl=1 300w, https:\/\/i0.wp.com\/corsi-fit.com\/wp-content\/uploads\/2024\/07\/localisation.png?resize=1024%2C1024&amp;ssl=1 1024w, https:\/\/i0.wp.com\/corsi-fit.com\/wp-content\/uploads\/2024\/07\/localisation.png?resize=150%2C150&amp;ssl=1 150w, https:\/\/i0.wp.com\/corsi-fit.com\/wp-content\/uploads\/2024\/07\/localisation.png?resize=768%2C768&amp;ssl=1 768w, https:\/\/i0.wp.com\/corsi-fit.com\/wp-content\/uploads\/2024\/07\/localisation.png?resize=800%2C800&amp;ssl=1 800w, https:\/\/i0.wp.com\/corsi-fit.com\/wp-content\/uploads\/2024\/07\/localisation.png?resize=600%2C600&amp;ssl=1 600w, https:\/\/i0.wp.com\/corsi-fit.com\/wp-content\/uploads\/2024\/07\/localisation.png?resize=400%2C400&amp;ssl=1 400w, https:\/\/i0.wp.com\/corsi-fit.com\/wp-content\/uploads\/2024\/07\/localisation.png?resize=200%2C200&amp;ssl=1 200w\" sizes=\"auto, (max-width: 1000px) 100vw, 1000px\" \/><\/figure>\n\n\n\n<div class=\"wp-block-group is-vertical is-layout-flex wp-container-core-group-is-layout-a1ada453 wp-block-group-is-layout-flex\">\n<h5 class=\"wp-block-heading has-text-color has-link-color has-montserrat-font-family wp-elements-67ec115a9ea1085d2f2f9a0adf343a9a\" style=\"color:#1e293b;font-size:clamp(14px, 0.875rem + ((1vw - 3.2px) * 0.682), 20px);font-style:normal;font-weight:500\"><strong>ADRESS<\/strong><\/h5>\n\n\n\n<p class=\"has-text-align-left has-text-color has-link-color has-montserrat-font-family wp-elements-0493855e18d672c63ee9664cd690522c wp-block-paragraph\" style=\"color:#334155;font-size:clamp(14px, 0.875rem + ((1vw - 3.2px) * 0.227), 16px);\">Rue Marguerite Perey, 52100 Bettancourt-la-Ferr\u00e9e<\/p>\n<\/div>\n<\/div>\n\n\n\n<div class=\"wp-block-jetpack-map\" data-map-id=\"jp-map-2\" data-map-provider=\"mapkit\" data-api-key=\"pk.eyJ1IjoiYXV0b21hdHRpYyIsImEiOiJjazVpZjA5aWswYTFvM21sOWtzNW1rNG9lIn0.Gu-sp4wRxnnQB-Qa8CpuZQ\" data-map-style=\"default\" data-blog-id=\"234495842\"><ul><li><a href=\"https:\/\/www.google.com\/maps\/search\/?api=1&amp;query=48.65323374391826,4.957684344812233\">Rue Marguerite Perey, 52100 Bettancourt-la-Ferr\u00e9e, France<\/a><\/li><\/ul><\/div>\n\n\n\n<hr class=\"wp-block-separator has-text-color has-alpha-channel-opacity has-background is-style-wide\" style=\"margin-top:40px;margin-bottom:40px;background-color:#c9c9c945;color:#c9c9c945\"\/>\n\n\n\n<ul class=\"wp-block-social-links has-icon-color has-icon-background-color is-style-default is-layout-flex wp-container-core-social-links-is-layout-ba125ba1 wp-block-social-links-is-layout-flex\"><li style=\"color:#000000;background-color:#cfe3f9;\" class=\"wp-social-link wp-social-link-facebook has-black-color wp-block-social-link\"><a rel=\"noopener nofollow\" target=\"_blank\" href=\"https:\/\/www.facebook.com\/profile.php?id=100086706593963\" class=\"wp-block-social-link-anchor\"><svg width=\"24\" height=\"24\" viewbox=\"0 0 24 24\" version=\"1.1\" xmlns=\"http:\/\/www.w3.org\/2000\/svg\" aria-hidden=\"true\" focusable=\"false\"><path d=\"M12 2C6.5 2 2 6.5 2 12c0 5 3.7 9.1 8.4 9.9v-7H7.9V12h2.5V9.8c0-2.5 1.5-3.9 3.8-3.9 1.1 0 2.2.2 2.2.2v2.5h-1.3c-1.2 0-1.6.8-1.6 1.6V12h2.8l-.4 2.9h-2.3v7C18.3 21.1 22 17 22 12c0-5.5-4.5-10-10-10z\"><\/path><\/svg><span class=\"wp-block-social-link-label screen-reader-text\">Facebook<\/span><\/a><\/li>\n\n<li style=\"color:#000000;background-color:#cfe3f9;\" class=\"wp-social-link wp-social-link-linkedin has-black-color wp-block-social-link\"><a rel=\"noopener nofollow\" target=\"_blank\" href=\"https:\/\/www.linkedin.com\/company\/corsi-fit\/\" class=\"wp-block-social-link-anchor\"><svg width=\"24\" height=\"24\" viewbox=\"0 0 24 24\" version=\"1.1\" xmlns=\"http:\/\/www.w3.org\/2000\/svg\" aria-hidden=\"true\" focusable=\"false\"><path d=\"M19.7,3H4.3C3.582,3,3,3.582,3,4.3v15.4C3,20.418,3.582,21,4.3,21h15.4c0.718,0,1.3-0.582,1.3-1.3V4.3 C21,3.582,20.418,3,19.7,3z M8.339,18.338H5.667v-8.59h2.672V18.338z M7.004,8.574c-0.857,0-1.549-0.694-1.549-1.548 c0-0.855,0.691-1.548,1.549-1.548c0.854,0,1.547,0.694,1.547,1.548C8.551,7.881,7.858,8.574,7.004,8.574z M18.339,18.338h-2.669 v-4.177c0-0.996-0.017-2.278-1.387-2.278c-1.389,0-1.601,1.086-1.601,2.206v4.249h-2.667v-8.59h2.559v1.174h0.037 c0.356-0.675,1.227-1.387,2.526-1.387c2.703,0,3.203,1.779,3.203,4.092V18.338z\"><\/path><\/svg><span class=\"wp-block-social-link-label screen-reader-text\">LinkedIn<\/span><\/a><\/li>\n\n<li style=\"color:#000000;background-color:#cfe3f9;\" class=\"wp-social-link wp-social-link-instagram has-black-color wp-block-social-link\"><a rel=\"noopener nofollow\" target=\"_blank\" href=\"https:\/\/www.instagram.com\/corsi_fit_\/\" class=\"wp-block-social-link-anchor\"><svg width=\"24\" height=\"24\" viewbox=\"0 0 24 24\" version=\"1.1\" xmlns=\"http:\/\/www.w3.org\/2000\/svg\" aria-hidden=\"true\" focusable=\"false\"><path d=\"M12,4.622c2.403,0,2.688,0.009,3.637,0.052c0.877,0.04,1.354,0.187,1.671,0.31c0.42,0.163,0.72,0.358,1.035,0.673 c0.315,0.315,0.51,0.615,0.673,1.035c0.123,0.317,0.27,0.794,0.31,1.671c0.043,0.949,0.052,1.234,0.052,3.637 s-0.009,2.688-0.052,3.637c-0.04,0.877-0.187,1.354-0.31,1.671c-0.163,0.42-0.358,0.72-0.673,1.035 c-0.315,0.315-0.615,0.51-1.035,0.673c-0.317,0.123-0.794,0.27-1.671,0.31c-0.949,0.043-1.233,0.052-3.637,0.052 s-2.688-0.009-3.637-0.052c-0.877-0.04-1.354-0.187-1.671-0.31c-0.42-0.163-0.72-0.358-1.035-0.673 c-0.315-0.315-0.51-0.615-0.673-1.035c-0.123-0.317-0.27-0.794-0.31-1.671C4.631,14.688,4.622,14.403,4.622,12 s0.009-2.688,0.052-3.637c0.04-0.877,0.187-1.354,0.31-1.671c0.163-0.42,0.358-0.72,0.673-1.035 c0.315-0.315,0.615-0.51,1.035-0.673c0.317-0.123,0.794-0.27,1.671-0.31C9.312,4.631,9.597,4.622,12,4.622 M12,3 C9.556,3,9.249,3.01,8.289,3.054C7.331,3.098,6.677,3.25,6.105,3.472C5.513,3.702,5.011,4.01,4.511,4.511 c-0.5,0.5-0.808,1.002-1.038,1.594C3.25,6.677,3.098,7.331,3.054,8.289C3.01,9.249,3,9.556,3,12c0,2.444,0.01,2.751,0.054,3.711 c0.044,0.958,0.196,1.612,0.418,2.185c0.23,0.592,0.538,1.094,1.038,1.594c0.5,0.5,1.002,0.808,1.594,1.038 c0.572,0.222,1.227,0.375,2.185,0.418C9.249,20.99,9.556,21,12,21s2.751-0.01,3.711-0.054c0.958-0.044,1.612-0.196,2.185-0.418 c0.592-0.23,1.094-0.538,1.594-1.038c0.5-0.5,0.808-1.002,1.038-1.594c0.222-0.572,0.375-1.227,0.418-2.185 C20.99,14.751,21,14.444,21,12s-0.01-2.751-0.054-3.711c-0.044-0.958-0.196-1.612-0.418-2.185c-0.23-0.592-0.538-1.094-1.038-1.594 c-0.5-0.5-1.002-0.808-1.594-1.038c-0.572-0.222-1.227-0.375-2.185-0.418C14.751,3.01,14.444,3,12,3L12,3z M12,7.378 c-2.552,0-4.622,2.069-4.622,4.622S9.448,16.622,12,16.622s4.622-2.069,4.622-4.622S14.552,7.378,12,7.378z M12,15 c-1.657,0-3-1.343-3-3s1.343-3,3-3s3,1.343,3,3S13.657,15,12,15z M16.804,6.116c-0.596,0-1.08,0.484-1.08,1.08 s0.484,1.08,1.08,1.08c0.596,0,1.08-0.484,1.08-1.08S17.401,6.116,16.804,6.116z\"><\/path><\/svg><span class=\"wp-block-social-link-label screen-reader-text\">instagram<\/span><\/a><\/li><\/ul>\n<\/div>\n\n\n\n<div class=\"wp-block-column is-layout-flow wp-block-column-is-layout-flow\" style=\"flex-basis:55%\"><div class=\"wp-block-jetpack-contact-form is-style-animated is-layout-flex wp-container-jetpack-contact-form-is-layout-38f238bf wp-block-jetpack-contact-form-is-layout-flex\"><a href=\"https:\/\/corsi-fit.com\/en\/contact\/\" target=\"_blank\" rel=\"noopener noreferrer\">Submit a form.<\/a><\/div><\/div>\n<\/div>\n\n\n\n<div style=\"height:30px\" aria-hidden=\"true\" class=\"wp-block-spacer\"><\/div>\n<\/div>\n\n\n\n<p class=\"wp-block-paragraph\"><\/p>","protected":false},"excerpt":{"rendered":"<p>Informations t\u00e9l\u00e9phone 03 25 06 07 93 ADRESSe Rue Marguerite Perey, 52100 Bettancourt-la-Ferr\u00e9e<\/p>","protected":false},"author":239926068,"featured_media":0,"parent":0,"menu_order":0,"comment_status":"closed","ping_status":"closed","template":"","meta":{"_crdt_document":"","footnotes":""},"class_list":["post-30","page","type-page","status-publish","hentry"],"yoast_head":"<!-- This site is optimized with the Yoast SEO plugin v27.5 - https:\/\/yoast.com\/product\/yoast-seo-wordpress\/ -->\n<title>Contact - Corsi-Fit<\/title>\n<meta name=\"description\" content=\"Retrouvez nos informations essentielles afin de contacter les \u00e9quipes Corsi-Fit ou adressez nous vos requ\u00eates avec le formulaire de contact !\" \/>\n<meta name=\"robots\" content=\"index, follow, max-snippet:-1, max-image-preview:large, max-video-preview:-1\" \/>\n<link rel=\"canonical\" href=\"https:\/\/corsi-fit.com\/en\/contact\/\" \/>\n<meta property=\"og:locale\" content=\"en_GB\" \/>\n<meta property=\"og:type\" content=\"article\" \/>\n<meta property=\"og:title\" content=\"Contact - Corsi-Fit\" \/>\n<meta property=\"og:description\" content=\"Retrouvez nos informations essentielles afin de contacter les \u00e9quipes Corsi-Fit ou adressez nous vos requ\u00eates avec le formulaire de contact !\" \/>\n<meta property=\"og:url\" content=\"https:\/\/corsi-fit.com\/en\/contact\/\" \/>\n<meta property=\"og:site_name\" content=\"Corsi-Fit\" \/>\n<meta property=\"article:publisher\" content=\"https:\/\/www.facebook.com\/profile.php?id=100086706593963\" \/>\n<meta property=\"article:modified_time\" content=\"2024-09-05T09:55:25+00:00\" \/>\n<meta property=\"og:image\" content=\"https:\/\/corsi-fit.com\/wp-content\/uploads\/2024\/08\/IMG_0890.jpg\" \/>\n<meta name=\"twitter:card\" content=\"summary_large_image\" \/>\n<meta name=\"twitter:label1\" content=\"Estimated reading time\" \/>\n\t<meta name=\"twitter:data1\" content=\"1 minute\" \/>\n<script type=\"application\/ld+json\" class=\"yoast-schema-graph\">{\"@context\":\"https:\\\/\\\/schema.org\",\"@graph\":[{\"@type\":\"WebPage\",\"@id\":\"https:\\\/\\\/corsi-fit.com\\\/contact\\\/\",\"url\":\"https:\\\/\\\/corsi-fit.com\\\/contact\\\/\",\"name\":\"Contact - Corsi-Fit\",\"isPartOf\":{\"@id\":\"https:\\\/\\\/corsi-fit.com\\\/#website\"},\"primaryImageOfPage\":{\"@id\":\"https:\\\/\\\/corsi-fit.com\\\/contact\\\/#primaryimage\"},\"image\":{\"@id\":\"https:\\\/\\\/corsi-fit.com\\\/contact\\\/#primaryimage\"},\"thumbnailUrl\":\"https:\\\/\\\/corsi-fit.com\\\/wp-content\\\/uploads\\\/2024\\\/08\\\/IMG_0890.jpg\",\"datePublished\":\"2024-07-08T14:56:10+00:00\",\"dateModified\":\"2024-09-05T09:55:25+00:00\",\"description\":\"Retrouvez nos informations essentielles afin de contacter les \u00e9quipes Corsi-Fit ou adressez nous vos requ\u00eates avec le formulaire de contact !\",\"breadcrumb\":{\"@id\":\"https:\\\/\\\/corsi-fit.com\\\/contact\\\/#breadcrumb\"},\"inLanguage\":\"en-GB\",\"potentialAction\":[{\"@type\":\"ReadAction\",\"target\":[\"https:\\\/\\\/corsi-fit.com\\\/contact\\\/\"]}]},{\"@type\":\"ImageObject\",\"inLanguage\":\"en-GB\",\"@id\":\"https:\\\/\\\/corsi-fit.com\\\/contact\\\/#primaryimage\",\"url\":\"https:\\\/\\\/corsi-fit.com\\\/wp-content\\\/uploads\\\/2024\\\/08\\\/IMG_0890.jpg\",\"contentUrl\":\"https:\\\/\\\/corsi-fit.com\\\/wp-content\\\/uploads\\\/2024\\\/08\\\/IMG_0890.jpg\"},{\"@type\":\"BreadcrumbList\",\"@id\":\"https:\\\/\\\/corsi-fit.com\\\/contact\\\/#breadcrumb\",\"itemListElement\":[{\"@type\":\"ListItem\",\"position\":1,\"name\":\"Accueil\",\"item\":\"https:\\\/\\\/corsi-fit.com\\\/\"},{\"@type\":\"ListItem\",\"position\":2,\"name\":\"Contact\"}]},{\"@type\":\"WebSite\",\"@id\":\"https:\\\/\\\/corsi-fit.com\\\/#website\",\"url\":\"https:\\\/\\\/corsi-fit.com\\\/\",\"name\":\"Corsi-Fit\",\"description\":\"\",\"publisher\":{\"@id\":\"https:\\\/\\\/corsi-fit.com\\\/#organization\"},\"potentialAction\":[{\"@type\":\"SearchAction\",\"target\":{\"@type\":\"EntryPoint\",\"urlTemplate\":\"https:\\\/\\\/corsi-fit.com\\\/?s={search_term_string}\"},\"query-input\":{\"@type\":\"PropertyValueSpecification\",\"valueRequired\":true,\"valueName\":\"search_term_string\"}}],\"inLanguage\":\"en-GB\"},{\"@type\":\"Organization\",\"@id\":\"https:\\\/\\\/corsi-fit.com\\\/#organization\",\"name\":\"Corsi-Fit\",\"url\":\"https:\\\/\\\/corsi-fit.com\\\/\",\"logo\":{\"@type\":\"ImageObject\",\"inLanguage\":\"en-GB\",\"@id\":\"https:\\\/\\\/corsi-fit.com\\\/#\\\/schema\\\/logo\\\/image\\\/\",\"url\":\"https:\\\/\\\/i0.wp.com\\\/corsi-fit.com\\\/wp-content\\\/uploads\\\/2024\\\/07\\\/Logo.png?fit=5001%2C5001&ssl=1\",\"contentUrl\":\"https:\\\/\\\/i0.wp.com\\\/corsi-fit.com\\\/wp-content\\\/uploads\\\/2024\\\/07\\\/Logo.png?fit=5001%2C5001&ssl=1\",\"width\":5001,\"height\":5001,\"caption\":\"Corsi-Fit\"},\"image\":{\"@id\":\"https:\\\/\\\/corsi-fit.com\\\/#\\\/schema\\\/logo\\\/image\\\/\"},\"sameAs\":[\"https:\\\/\\\/www.facebook.com\\\/profile.php?id=100086706593963\",\"https:\\\/\\\/www.instagram.com\\\/corsi_fit_\\\/\",\"https:\\\/\\\/www.linkedin.com\\\/company\\\/corsi-fit\\\/\",\"https:\\\/\\\/www.youtube.com\\\/channel\\\/UCiYtRiw3eJIJH3r5euP9POA\"]}]}<\/script>\n<!-- \/ Yoast SEO plugin. -->","yoast_head_json":{"title":"Contact - Corsi-Fit","description":"Retrouvez nos informations essentielles afin de contacter les \u00e9quipes Corsi-Fit ou adressez nous vos requ\u00eates avec le formulaire de contact !","robots":{"index":"index","follow":"follow","max-snippet":"max-snippet:-1","max-image-preview":"max-image-preview:large","max-video-preview":"max-video-preview:-1"},"canonical":"https:\/\/corsi-fit.com\/en\/contact\/","og_locale":"en_GB","og_type":"article","og_title":"Contact - Corsi-Fit","og_description":"Retrouvez nos informations essentielles afin de contacter les \u00e9quipes Corsi-Fit ou adressez nous vos requ\u00eates avec le formulaire de contact !","og_url":"https:\/\/corsi-fit.com\/en\/contact\/","og_site_name":"Corsi-Fit","article_publisher":"https:\/\/www.facebook.com\/profile.php?id=100086706593963","article_modified_time":"2024-09-05T09:55:25+00:00","og_image":[{"url":"https:\/\/corsi-fit.com\/wp-content\/uploads\/2024\/08\/IMG_0890.jpg","type":"","width":"","height":""}],"twitter_card":"summary_large_image","twitter_misc":{"Estimated reading time":"1 minute"},"schema":{"@context":"https:\/\/schema.org","@graph":[{"@type":"WebPage","@id":"https:\/\/corsi-fit.com\/contact\/","url":"https:\/\/corsi-fit.com\/contact\/","name":"Contact - Corsi-Fit","isPartOf":{"@id":"https:\/\/corsi-fit.com\/#website"},"primaryImageOfPage":{"@id":"https:\/\/corsi-fit.com\/contact\/#primaryimage"},"image":{"@id":"https:\/\/corsi-fit.com\/contact\/#primaryimage"},"thumbnailUrl":"https:\/\/corsi-fit.com\/wp-content\/uploads\/2024\/08\/IMG_0890.jpg","datePublished":"2024-07-08T14:56:10+00:00","dateModified":"2024-09-05T09:55:25+00:00","description":"Retrouvez nos informations essentielles afin de contacter les \u00e9quipes Corsi-Fit ou adressez nous vos requ\u00eates avec le formulaire de contact !","breadcrumb":{"@id":"https:\/\/corsi-fit.com\/contact\/#breadcrumb"},"inLanguage":"en-GB","potentialAction":[{"@type":"ReadAction","target":["https:\/\/corsi-fit.com\/contact\/"]}]},{"@type":"ImageObject","inLanguage":"en-GB","@id":"https:\/\/corsi-fit.com\/contact\/#primaryimage","url":"https:\/\/corsi-fit.com\/wp-content\/uploads\/2024\/08\/IMG_0890.jpg","contentUrl":"https:\/\/corsi-fit.com\/wp-content\/uploads\/2024\/08\/IMG_0890.jpg"},{"@type":"BreadcrumbList","@id":"https:\/\/corsi-fit.com\/contact\/#breadcrumb","itemListElement":[{"@type":"ListItem","position":1,"name":"Accueil","item":"https:\/\/corsi-fit.com\/"},{"@type":"ListItem","position":2,"name":"Contact"}]},{"@type":"WebSite","@id":"https:\/\/corsi-fit.com\/#website","url":"https:\/\/corsi-fit.com\/","name":"Corsi-Fit","description":"","publisher":{"@id":"https:\/\/corsi-fit.com\/#organization"},"potentialAction":[{"@type":"SearchAction","target":{"@type":"EntryPoint","urlTemplate":"https:\/\/corsi-fit.com\/?s={search_term_string}"},"query-input":{"@type":"PropertyValueSpecification","valueRequired":true,"valueName":"search_term_string"}}],"inLanguage":"en-GB"},{"@type":"Organization","@id":"https:\/\/corsi-fit.com\/#organization","name":"Corsi-Fit","url":"https:\/\/corsi-fit.com\/","logo":{"@type":"ImageObject","inLanguage":"en-GB","@id":"https:\/\/corsi-fit.com\/#\/schema\/logo\/image\/","url":"https:\/\/i0.wp.com\/corsi-fit.com\/wp-content\/uploads\/2024\/07\/Logo.png?fit=5001%2C5001&ssl=1","contentUrl":"https:\/\/i0.wp.com\/corsi-fit.com\/wp-content\/uploads\/2024\/07\/Logo.png?fit=5001%2C5001&ssl=1","width":5001,"height":5001,"caption":"Corsi-Fit"},"image":{"@id":"https:\/\/corsi-fit.com\/#\/schema\/logo\/image\/"},"sameAs":["https:\/\/www.facebook.com\/profile.php?id=100086706593963","https:\/\/www.instagram.com\/corsi_fit_\/","https:\/\/www.linkedin.com\/company\/corsi-fit\/","https:\/\/www.youtube.com\/channel\/UCiYtRiw3eJIJH3r5euP9POA"]}]}},"jetpack_likes_enabled":false,"jetpack_sharing_enabled":true,"jetpack_shortlink":"https:\/\/wp.me\/PfRV50-u","jetpack-related-posts":[],"_links":{"self":[{"href":"https:\/\/corsi-fit.com\/en\/wp-json\/wp\/v2\/pages\/30","targetHints":{"allow":["GET"]}}],"collection":[{"href":"https:\/\/corsi-fit.com\/en\/wp-json\/wp\/v2\/pages"}],"about":[{"href":"https:\/\/corsi-fit.com\/en\/wp-json\/wp\/v2\/types\/page"}],"author":[{"embeddable":true,"href":"https:\/\/corsi-fit.com\/en\/wp-json\/wp\/v2\/users\/239926068"}],"replies":[{"embeddable":true,"href":"https:\/\/corsi-fit.com\/en\/wp-json\/wp\/v2\/comments?post=30"}],"version-history":[{"count":78,"href":"https:\/\/corsi-fit.com\/en\/wp-json\/wp\/v2\/pages\/30\/revisions"}],"predecessor-version":[{"id":1884,"href":"https:\/\/corsi-fit.com\/en\/wp-json\/wp\/v2\/pages\/30\/revisions\/1884"}],"wp:attachment":[{"href":"https:\/\/corsi-fit.com\/en\/wp-json\/wp\/v2\/media?parent=30"}],"curies":[{"name":"wp","href":"https:\/\/api.w.org\/{rel}","templated":true}]}}